{"id":5401,"date":"2022-08-27T10:24:56","date_gmt":"2022-08-27T10:24:56","guid":{"rendered":"https:\/\/fluidofactory.com\/contacto\/"},"modified":"2023-08-22T13:18:46","modified_gmt":"2023-08-22T13:18:46","slug":"contacto","status":"publish","type":"page","link":"https:\/\/fluidofactory.com\/es\/contacto\/","title":{"rendered":"Contacto"},"content":{"rendered":"\t\t<div data-elementor-type=\"wp-page\" data-elementor-id=\"5401\" class=\"elementor elementor-5401 elementor-335\" data-elementor-post-type=\"page\">\n\t\t\t\t\t\t<section class=\"elementor-section elementor-top-section elementor-element elementor-element-1693323 elementor-section-height-min-height elementor-section-boxed elementor-section-height-default elementor-section-items-middle\" data-id=\"1693323\" data-element_type=\"section\">\n\t\t\t\t\t\t<div class=\"elementor-container elementor-column-gap-default\">\n\t\t\t\t\t<div class=\"elementor-column elementor-col-100 elementor-top-column elementor-element elementor-element-6b7c54d6\" data-id=\"6b7c54d6\" data-element_type=\"column\">\n\t\t\t<div class=\"elementor-widget-wrap elementor-element-populated\">\n\t\t\t\t\t\t<div class=\"elementor-element elementor-element-1b90c392 elementor-widget elementor-widget-heading\" data-id=\"1b90c392\" data-element_type=\"widget\" data-widget_type=\"heading.default\">\n\t\t\t\t<div class=\"elementor-widget-container\">\n\t\t\t<style>\/*! elementor - v3.23.0 - 05-08-2024 *\/\n.elementor-heading-title{padding:0;margin:0;line-height:1}.elementor-widget-heading .elementor-heading-title[class*=elementor-size-]>a{color:inherit;font-size:inherit;line-height:inherit}.elementor-widget-heading .elementor-heading-title.elementor-size-small{font-size:15px}.elementor-widget-heading .elementor-heading-title.elementor-size-medium{font-size:19px}.elementor-widget-heading .elementor-heading-title.elementor-size-large{font-size:29px}.elementor-widget-heading .elementor-heading-title.elementor-size-xl{font-size:39px}.elementor-widget-heading .elementor-heading-title.elementor-size-xxl{font-size:59px}<\/style><h2 class=\"elementor-heading-title elementor-size-default\">\u00bfEs usted una marca o <br>\u00bfuna PYME?<\/h2>\t\t<\/div>\n\t\t\t\t<\/div>\n\t\t\t\t<div class=\"elementor-element elementor-element-7722d3e7 elementor-widget elementor-widget-text-editor\" data-id=\"7722d3e7\" data-element_type=\"widget\" data-widget_type=\"text-editor.default\">\n\t\t\t\t<div class=\"elementor-widget-container\">\n\t\t\t<style>\/*! elementor - v3.23.0 - 05-08-2024 *\/\n.elementor-widget-text-editor.elementor-drop-cap-view-stacked .elementor-drop-cap{background-color:#69727d;color:#fff}.elementor-widget-text-editor.elementor-drop-cap-view-framed .elementor-drop-cap{color:#69727d;border:3px solid;background-color:transparent}.elementor-widget-text-editor:not(.elementor-drop-cap-view-default) .elementor-drop-cap{margin-top:8px}.elementor-widget-text-editor:not(.elementor-drop-cap-view-default) .elementor-drop-cap-letter{width:1em;height:1em}.elementor-widget-text-editor .elementor-drop-cap{float:left;text-align:center;line-height:1;font-size:50px}.elementor-widget-text-editor .elementor-drop-cap-letter{display:inline-block}<\/style>\t\t\t\t<p>Cu\u00e9ntenos sus objetivos de crecimiento y juntos daremos vida a su pr\u00f3ximo proyecto de comunicaci\u00f3n. <\/p>\n\t\t\t\t\t\t<\/div>\n\t\t\t\t<\/div>\n\t\t\t\t<div class=\"elementor-element elementor-element-702dd88c elementor-widget elementor-widget-text-editor\" data-id=\"702dd88c\" data-element_type=\"widget\" data-widget_type=\"text-editor.default\">\n\t\t\t\t<div class=\"elementor-widget-container\">\n\t\t\t\t\t\t\t<p><a style=\"color: white;\" href=\"mailto:info@fluidofactory.com\">info@fluidofactory.com<\/a><\/p>\n\t\t\t\t\t\t<\/div>\n\t\t\t\t<\/div>\n\t\t\t\t\t<\/div>\n\t\t<\/div>\n\t\t\t\t\t<\/div>\n\t\t<\/section>\n\t\t\t\t<section data-dce-background-color=\"#000000\" class=\"elementor-section elementor-top-section elementor-element elementor-element-213383c7 elementor-section-height-min-height elementor-section-boxed elementor-section-height-default elementor-section-items-middle\" data-id=\"213383c7\" data-element_type=\"section\" data-settings=\"{&quot;background_background&quot;:&quot;classic&quot;}\">\n\t\t\t\t\t\t<div class=\"elementor-container elementor-column-gap-default\">\n\t\t\t\t\t<div class=\"elementor-column elementor-col-100 elementor-top-column elementor-element elementor-element-58175ea5\" data-id=\"58175ea5\" data-element_type=\"column\">\n\t\t\t<div class=\"elementor-widget-wrap elementor-element-populated\">\n\t\t\t\t\t\t<div class=\"elementor-element elementor-element-3bc78e99 elementor-widget elementor-widget-heading\" data-id=\"3bc78e99\" data-element_type=\"widget\" data-widget_type=\"heading.default\">\n\t\t\t\t<div class=\"elementor-widget-container\">\n\t\t\t<h2 class=\"elementor-heading-title elementor-size-default\">\u00bfEs usted freelance?<\/h2>\t\t<\/div>\n\t\t\t\t<\/div>\n\t\t\t\t<div class=\"elementor-element elementor-element-39920ff7 elementor-widget elementor-widget-text-editor\" data-id=\"39920ff7\" data-element_type=\"widget\" data-widget_type=\"text-editor.default\">\n\t\t\t\t<div class=\"elementor-widget-container\">\n\t\t\t\t\t\t\t<p>Siempre estamos buscando talentos que quieran participar en nuestros proyectos. Env\u00edenos su portafolio, estaremos encantados de evaluarlo.<\/p>\n\t\t\t\t\t\t<\/div>\n\t\t\t\t<\/div>\n\t\t\t\t<div data-dce-background-color=\"#00000000\" class=\"elementor-element elementor-element-66038a1d elementor-align-justify elementor-mobile-align-justify elementor-widget elementor-widget-button\" data-id=\"66038a1d\" data-element_type=\"widget\" data-widget_type=\"button.default\">\n\t\t\t\t<div class=\"elementor-widget-container\">\n\t\t\t\t\t<div class=\"elementor-button-wrapper\">\n\t\t\t<a class=\"elementor-button elementor-button-link elementor-size-sm\" href=\"https:\/\/fluidofactory.com\/lavora-su-progetti-digitali-da-remoto\/\" target=\"_blank\">\n\t\t\t\t\t\t<span class=\"elementor-button-content-wrapper\">\n\t\t\t\t\t\t<span class=\"elementor-button-icon\">\n\t\t\t\t<svg xmlns=\"http:\/\/www.w3.org\/2000\/svg\" xmlns:xlink=\"http:\/\/www.w3.org\/1999\/xlink\" id=\"Livello_1\" x=\"0px\" y=\"0px\" viewBox=\"0 0 342.17 215.49\" style=\"enable-background:new 0 0 342.17 215.49;\" xml:space=\"preserve\"><path d=\"M338.37,107.59c0-2.59-1.57-6.03-3.16-7.7l-89.6-95.2c-4.18-4.32-10.96-4.82-15.84-0.44c-4.36,3.93-4.47,11.58-0.44,15.84 l71.92,76.3H13.58c-6.19,0-11.2,5.02-11.2,11.2c0,6.19,5.02,11.2,11.2,11.2h287.69l-71.92,76.3c-4.03,4.26-3.75,11.73,0.44,15.84 c4.41,4.34,11.72,3.95,15.84-0.44l89.6-95.2C337.85,112.71,338.33,110.22,338.37,107.59L338.37,107.59z\"><\/path><\/svg>\t\t\t<\/span>\n\t\t\t\t\t\t\t\t\t<span class=\"elementor-button-text\">ESCR\u00cdBENOS<\/span>\n\t\t\t\t\t<\/span>\n\t\t\t\t\t<\/a>\n\t\t<\/div>\n\t\t\t\t<\/div>\n\t\t\t\t<\/div>\n\t\t\t\t\t<\/div>\n\t\t<\/div>\n\t\t\t\t\t<\/div>\n\t\t<\/section>\n\t\t\t\t<\/div>\n\t\t","protected":false},"excerpt":{"rendered":"<p>\u00bfEs usted una marca o \u00bfuna PYME? Cu\u00e9ntenos sus objetivos de crecimiento y juntos daremos vida a su pr\u00f3ximo proyecto de comunicaci\u00f3n. info@fluidofactory.com \u00bfEs usted freelance? Siempre estamos buscando talentos que quieran participar en nuestros proyectos. Env\u00edenos su portafolio, estaremos encantados de evaluarlo. ESCR\u00cdBENOS<\/p>\n","protected":false},"author":1,"featured_media":0,"parent":0,"menu_order":4,"comment_status":"closed","ping_status":"closed","template":"","meta":{"footnotes":""},"class_list":["post-5401","page","type-page","status-publish","hentry"],"yoast_head":"<!-- This site is optimized with the Yoast SEO plugin v27.4 - https:\/\/yoast.com\/product\/yoast-seo-wordpress\/ -->\n<title>Contacto - Fluido Factory<\/title>\n<meta name=\"robots\" content=\"noindex, nofollow\" \/>\n<meta property=\"og:locale\" content=\"es_ES\" \/>\n<meta property=\"og:type\" content=\"article\" \/>\n<meta property=\"og:title\" content=\"Contacto - Fluido Factory\" \/>\n<meta property=\"og:description\" content=\"\u00bfEs usted una marca o \u00bfuna PYME? Cu\u00e9ntenos sus objetivos de crecimiento y juntos daremos vida a su pr\u00f3ximo proyecto de comunicaci\u00f3n. info@fluidofactory.com \u00bfEs usted freelance? Siempre estamos buscando talentos que quieran participar en nuestros proyectos. Env\u00edenos su portafolio, estaremos encantados de evaluarlo. ESCR\u00cdBENOS\" \/>\n<meta property=\"og:url\" content=\"https:\/\/fluidofactory.com\/es\/contacto\/\" \/>\n<meta property=\"og:site_name\" content=\"Fluido Factory\" \/>\n<meta property=\"article:publisher\" content=\"https:\/\/www.facebook.com\/FluidoFactory\" \/>\n<meta property=\"article:modified_time\" content=\"2023-08-22T13:18:46+00:00\" \/>\n<meta name=\"twitter:card\" content=\"summary_large_image\" \/>\n<script type=\"application\/ld+json\" class=\"yoast-schema-graph\">{\"@context\":\"https:\\\/\\\/schema.org\",\"@graph\":[{\"@type\":\"WebPage\",\"@id\":\"https:\\\/\\\/fluidofactory.com\\\/es\\\/contacto\\\/\",\"url\":\"https:\\\/\\\/fluidofactory.com\\\/es\\\/contacto\\\/\",\"name\":\"Contacto - Fluido Factory\",\"isPartOf\":{\"@id\":\"https:\\\/\\\/fluidofactory.com\\\/es\\\/#website\"},\"datePublished\":\"2022-08-27T10:24:56+00:00\",\"dateModified\":\"2023-08-22T13:18:46+00:00\",\"breadcrumb\":{\"@id\":\"https:\\\/\\\/fluidofactory.com\\\/es\\\/contacto\\\/#breadcrumb\"},\"inLanguage\":\"es\",\"potentialAction\":[{\"@type\":\"ReadAction\",\"target\":[\"https:\\\/\\\/fluidofactory.com\\\/es\\\/contacto\\\/\"]}]},{\"@type\":\"BreadcrumbList\",\"@id\":\"https:\\\/\\\/fluidofactory.com\\\/es\\\/contacto\\\/#breadcrumb\",\"itemListElement\":[{\"@type\":\"ListItem\",\"position\":1,\"name\":\"Home\",\"item\":\"https:\\\/\\\/fluidofactory.com\\\/es\\\/home\\\/\"},{\"@type\":\"ListItem\",\"position\":2,\"name\":\"Contacto\"}]},{\"@type\":\"WebSite\",\"@id\":\"https:\\\/\\\/fluidofactory.com\\\/es\\\/#website\",\"url\":\"https:\\\/\\\/fluidofactory.com\\\/es\\\/\",\"name\":\"Fluido Factory\",\"description\":\"Agenzia di Comunicazione\",\"publisher\":{\"@id\":\"https:\\\/\\\/fluidofactory.com\\\/es\\\/#organization\"},\"potentialAction\":[{\"@type\":\"SearchAction\",\"target\":{\"@type\":\"EntryPoint\",\"urlTemplate\":\"https:\\\/\\\/fluidofactory.com\\\/es\\\/?s={search_term_string}\"},\"query-input\":{\"@type\":\"PropertyValueSpecification\",\"valueRequired\":true,\"valueName\":\"search_term_string\"}}],\"inLanguage\":\"es\"},{\"@type\":\"Organization\",\"@id\":\"https:\\\/\\\/fluidofactory.com\\\/es\\\/#organization\",\"name\":\"Fluido Factory\",\"url\":\"https:\\\/\\\/fluidofactory.com\\\/es\\\/\",\"logo\":{\"@type\":\"ImageObject\",\"inLanguage\":\"es\",\"@id\":\"https:\\\/\\\/fluidofactory.com\\\/es\\\/#\\\/schema\\\/logo\\\/image\\\/\",\"url\":\"https:\\\/\\\/fluidofactory.com\\\/wp-content\\\/uploads\\\/2022\\\/08\\\/Logo-Fluido-Factory-nero.png\",\"contentUrl\":\"https:\\\/\\\/fluidofactory.com\\\/wp-content\\\/uploads\\\/2022\\\/08\\\/Logo-Fluido-Factory-nero.png\",\"width\":3728,\"height\":1172,\"caption\":\"Fluido Factory\"},\"image\":{\"@id\":\"https:\\\/\\\/fluidofactory.com\\\/es\\\/#\\\/schema\\\/logo\\\/image\\\/\"},\"sameAs\":[\"https:\\\/\\\/www.facebook.com\\\/FluidoFactory\",\"https:\\\/\\\/www.instagram.com\\\/fluidofactory\\\/\"]}]}<\/script>\n<!-- \/ Yoast SEO plugin. -->","yoast_head_json":{"title":"Contacto - Fluido Factory","robots":{"index":"noindex","follow":"nofollow"},"og_locale":"es_ES","og_type":"article","og_title":"Contacto - Fluido Factory","og_description":"\u00bfEs usted una marca o \u00bfuna PYME? Cu\u00e9ntenos sus objetivos de crecimiento y juntos daremos vida a su pr\u00f3ximo proyecto de comunicaci\u00f3n. info@fluidofactory.com \u00bfEs usted freelance? Siempre estamos buscando talentos que quieran participar en nuestros proyectos. Env\u00edenos su portafolio, estaremos encantados de evaluarlo. ESCR\u00cdBENOS","og_url":"https:\/\/fluidofactory.com\/es\/contacto\/","og_site_name":"Fluido Factory","article_publisher":"https:\/\/www.facebook.com\/FluidoFactory","article_modified_time":"2023-08-22T13:18:46+00:00","twitter_card":"summary_large_image","schema":{"@context":"https:\/\/schema.org","@graph":[{"@type":"WebPage","@id":"https:\/\/fluidofactory.com\/es\/contacto\/","url":"https:\/\/fluidofactory.com\/es\/contacto\/","name":"Contacto - Fluido Factory","isPartOf":{"@id":"https:\/\/fluidofactory.com\/es\/#website"},"datePublished":"2022-08-27T10:24:56+00:00","dateModified":"2023-08-22T13:18:46+00:00","breadcrumb":{"@id":"https:\/\/fluidofactory.com\/es\/contacto\/#breadcrumb"},"inLanguage":"es","potentialAction":[{"@type":"ReadAction","target":["https:\/\/fluidofactory.com\/es\/contacto\/"]}]},{"@type":"BreadcrumbList","@id":"https:\/\/fluidofactory.com\/es\/contacto\/#breadcrumb","itemListElement":[{"@type":"ListItem","position":1,"name":"Home","item":"https:\/\/fluidofactory.com\/es\/home\/"},{"@type":"ListItem","position":2,"name":"Contacto"}]},{"@type":"WebSite","@id":"https:\/\/fluidofactory.com\/es\/#website","url":"https:\/\/fluidofactory.com\/es\/","name":"Fluido Factory","description":"Agenzia di Comunicazione","publisher":{"@id":"https:\/\/fluidofactory.com\/es\/#organization"},"potentialAction":[{"@type":"SearchAction","target":{"@type":"EntryPoint","urlTemplate":"https:\/\/fluidofactory.com\/es\/?s={search_term_string}"},"query-input":{"@type":"PropertyValueSpecification","valueRequired":true,"valueName":"search_term_string"}}],"inLanguage":"es"},{"@type":"Organization","@id":"https:\/\/fluidofactory.com\/es\/#organization","name":"Fluido Factory","url":"https:\/\/fluidofactory.com\/es\/","logo":{"@type":"ImageObject","inLanguage":"es","@id":"https:\/\/fluidofactory.com\/es\/#\/schema\/logo\/image\/","url":"https:\/\/fluidofactory.com\/wp-content\/uploads\/2022\/08\/Logo-Fluido-Factory-nero.png","contentUrl":"https:\/\/fluidofactory.com\/wp-content\/uploads\/2022\/08\/Logo-Fluido-Factory-nero.png","width":3728,"height":1172,"caption":"Fluido Factory"},"image":{"@id":"https:\/\/fluidofactory.com\/es\/#\/schema\/logo\/image\/"},"sameAs":["https:\/\/www.facebook.com\/FluidoFactory","https:\/\/www.instagram.com\/fluidofactory\/"]}]}},"_links":{"self":[{"href":"https:\/\/fluidofactory.com\/es\/wp-json\/wp\/v2\/pages\/5401","targetHints":{"allow":["GET"]}}],"collection":[{"href":"https:\/\/fluidofactory.com\/es\/wp-json\/wp\/v2\/pages"}],"about":[{"href":"https:\/\/fluidofactory.com\/es\/wp-json\/wp\/v2\/types\/page"}],"author":[{"embeddable":true,"href":"https:\/\/fluidofactory.com\/es\/wp-json\/wp\/v2\/users\/1"}],"replies":[{"embeddable":true,"href":"https:\/\/fluidofactory.com\/es\/wp-json\/wp\/v2\/comments?post=5401"}],"version-history":[{"count":6,"href":"https:\/\/fluidofactory.com\/es\/wp-json\/wp\/v2\/pages\/5401\/revisions"}],"predecessor-version":[{"id":10945,"href":"https:\/\/fluidofactory.com\/es\/wp-json\/wp\/v2\/pages\/5401\/revisions\/10945"}],"wp:attachment":[{"href":"https:\/\/fluidofactory.com\/es\/wp-json\/wp\/v2\/media?parent=5401"}],"curies":[{"name":"wp","href":"https:\/\/api.w.org\/{rel}","templated":true}]}}