{"id":5399,"date":"2022-08-27T09:57:35","date_gmt":"2022-08-27T09:57:35","guid":{"rendered":"https:\/\/fluidofactory.com\/quienes-somos\/"},"modified":"2023-05-26T13:13:43","modified_gmt":"2023-05-26T13:13:43","slug":"quienes-somos","status":"publish","type":"page","link":"https:\/\/fluidofactory.com\/es\/quienes-somos\/","title":{"rendered":"Qui\u00e9nes somos"},"content":{"rendered":"\t\t<div data-elementor-type=\"wp-page\" data-elementor-id=\"5399\" class=\"elementor elementor-5399 elementor-297\" data-elementor-post-type=\"page\">\n\t\t\t\t\t\t<section data-dce-background-color=\"#000000\" class=\"elementor-section elementor-top-section elementor-element elementor-element-56e45198 elementor-section-boxed elementor-section-height-default elementor-section-height-default\" data-id=\"56e45198\" data-element_type=\"section\" data-settings=\"{&quot;background_background&quot;:&quot;classic&quot;}\">\n\t\t\t\t\t\t<div class=\"elementor-container elementor-column-gap-default\">\n\t\t\t\t\t<div class=\"elementor-column elementor-col-100 elementor-top-column elementor-element elementor-element-19d024bb\" data-id=\"19d024bb\" data-element_type=\"column\">\n\t\t\t<div class=\"elementor-widget-wrap elementor-element-populated\">\n\t\t\t\t\t\t<div class=\"elementor-element elementor-element-36fba3ba elementor-widget elementor-widget-heading\" data-id=\"36fba3ba\" data-element_type=\"widget\" data-widget_type=\"heading.default\">\n\t\t\t\t<div class=\"elementor-widget-container\">\n\t\t\t<style>\/*! elementor - v3.23.0 - 05-08-2024 *\/\n.elementor-heading-title{padding:0;margin:0;line-height:1}.elementor-widget-heading .elementor-heading-title[class*=elementor-size-]>a{color:inherit;font-size:inherit;line-height:inherit}.elementor-widget-heading .elementor-heading-title.elementor-size-small{font-size:15px}.elementor-widget-heading .elementor-heading-title.elementor-size-medium{font-size:19px}.elementor-widget-heading .elementor-heading-title.elementor-size-large{font-size:29px}.elementor-widget-heading .elementor-heading-title.elementor-size-xl{font-size:39px}.elementor-widget-heading .elementor-heading-title.elementor-size-xxl{font-size:59px}<\/style><h1 class=\"elementor-heading-title elementor-size-default\">Qui\u00e9nes somos<\/h1>\t\t<\/div>\n\t\t\t\t<\/div>\n\t\t\t\t<div class=\"elementor-element elementor-element-3bba4fe0 elementor-widget elementor-widget-text-editor\" data-id=\"3bba4fe0\" data-element_type=\"widget\" data-widget_type=\"text-editor.default\">\n\t\t\t\t<div class=\"elementor-widget-container\">\n\t\t\t<style>\/*! elementor - v3.23.0 - 05-08-2024 *\/\n.elementor-widget-text-editor.elementor-drop-cap-view-stacked .elementor-drop-cap{background-color:#69727d;color:#fff}.elementor-widget-text-editor.elementor-drop-cap-view-framed .elementor-drop-cap{color:#69727d;border:3px solid;background-color:transparent}.elementor-widget-text-editor:not(.elementor-drop-cap-view-default) .elementor-drop-cap{margin-top:8px}.elementor-widget-text-editor:not(.elementor-drop-cap-view-default) .elementor-drop-cap-letter{width:1em;height:1em}.elementor-widget-text-editor .elementor-drop-cap{float:left;text-align:center;line-height:1;font-size:50px}.elementor-widget-text-editor .elementor-drop-cap-letter{display:inline-block}<\/style>\t\t\t\tFluido Factory es un equipo de profesionales de la comunicaci\u00f3n y expertos en marketing con una ambici\u00f3n com\u00fan: ayudar a las marcas a desarrollar su potencial ofreci\u00e9ndoles soluciones estrat\u00e9gicas eficaces y formas creativas de comunicaci\u00f3n.\n\t\t\t\t\t\t<\/div>\n\t\t\t\t<\/div>\n\t\t\t\t\t<\/div>\n\t\t<\/div>\n\t\t\t\t\t<\/div>\n\t\t<\/section>\n\t\t\t\t<section data-dce-background-color=\"#F4F5F7\" class=\"elementor-section elementor-top-section elementor-element elementor-element-4c330d18 elementor-section-boxed elementor-section-height-default elementor-section-height-default\" data-id=\"4c330d18\" data-element_type=\"section\" data-settings=\"{&quot;background_background&quot;:&quot;classic&quot;}\">\n\t\t\t\t\t\t<div class=\"elementor-container elementor-column-gap-default\">\n\t\t\t\t\t<div class=\"elementor-column elementor-col-100 elementor-top-column elementor-element elementor-element-60a33930\" data-id=\"60a33930\" data-element_type=\"column\">\n\t\t\t<div class=\"elementor-widget-wrap elementor-element-populated\">\n\t\t\t\t\t\t<section class=\"elementor-section elementor-inner-section elementor-element elementor-element-4dce8fb1 elementor-section-full_width elementor-reverse-mobile elementor-section-height-default elementor-section-height-default\" data-id=\"4dce8fb1\" data-element_type=\"section\">\n\t\t\t\t\t\t<div class=\"elementor-container elementor-column-gap-default\">\n\t\t\t\t\t<div class=\"elementor-column elementor-col-50 elementor-inner-column elementor-element elementor-element-47fecd63\" data-id=\"47fecd63\" data-element_type=\"column\">\n\t\t\t<div class=\"elementor-widget-wrap elementor-element-populated\">\n\t\t\t\t\t\t<div class=\"elementor-element elementor-element-78c2b280 elementor-widget elementor-widget-heading\" data-id=\"78c2b280\" data-element_type=\"widget\" data-widget_type=\"heading.default\">\n\t\t\t\t<div class=\"elementor-widget-container\">\n\t\t\t<h2 class=\"elementor-heading-title elementor-size-default\">Nuestra historia<\/h2>\t\t<\/div>\n\t\t\t\t<\/div>\n\t\t\t\t<div class=\"elementor-element elementor-element-21d32891 elementor-widget elementor-widget-text-editor\" data-id=\"21d32891\" data-element_type=\"widget\" data-widget_type=\"text-editor.default\">\n\t\t\t\t<div class=\"elementor-widget-container\">\n\t\t\t\t\t\t\tFluido Factory naci\u00f3 del encuentro entre Antonio Martino y Edoardo Raviol en las aulas del Instituto Europeo de Dise\u00f1o de Tur\u00edn.\nEn un ambiente estimulante, los chicos empezaron enseguida a colaborar desarrollando proyectos creativos y realizando videoclips publicitarios.<br>\nTras finalizar sus estudios, adquirieron mucha experiencia trabajando en numerosos proyectos con distintas agencias de marketing.<br>\nGuiados por el sue\u00f1o de querer crear un negocio diferente a la habitual Agencia de Marketing, en 2019 crean Fluido Factory, un negocio capaz de fusionar creatividad, dinamismo y relevancia con las necesidades estrat\u00e9gicas y operativas de las empresas.\n\t\t\t\t\t\t<\/div>\n\t\t\t\t<\/div>\n\t\t\t\t\t<\/div>\n\t\t<\/div>\n\t\t\t\t<div class=\"elementor-column elementor-col-50 elementor-inner-column elementor-element elementor-element-4cadad4d\" data-id=\"4cadad4d\" data-element_type=\"column\">\n\t\t\t<div class=\"elementor-widget-wrap elementor-element-populated\">\n\t\t\t\t\t\t<div class=\"elementor-element elementor-element-f14bcf3 dce_masking-none elementor-widget elementor-widget-image\" data-id=\"f14bcf3\" data-element_type=\"widget\" data-widget_type=\"image.default\">\n\t\t\t\t<div class=\"elementor-widget-container\">\n\t\t\t<style>\/*! elementor - v3.23.0 - 05-08-2024 *\/\n.elementor-widget-image{text-align:center}.elementor-widget-image a{display:inline-block}.elementor-widget-image a img[src$=\".svg\"]{width:48px}.elementor-widget-image img{vertical-align:middle;display:inline-block}<\/style>\t\t\t\t\t\t\t\t\t\t<img fetchpriority=\"high\" decoding=\"async\" width=\"800\" height=\"936\" src=\"https:\/\/fluidofactory.com\/wp-content\/uploads\/2022\/08\/mole-antoneliana-torino-centro-875x1024.jpg\" class=\"attachment-large size-large wp-image-4667\" alt=\"\" srcset=\"https:\/\/fluidofactory.com\/wp-content\/uploads\/2022\/08\/mole-antoneliana-torino-centro-875x1024.jpg 875w, https:\/\/fluidofactory.com\/wp-content\/uploads\/2022\/08\/mole-antoneliana-torino-centro-256x300.jpg 256w, https:\/\/fluidofactory.com\/wp-content\/uploads\/2022\/08\/mole-antoneliana-torino-centro-768x899.jpg 768w, https:\/\/fluidofactory.com\/wp-content\/uploads\/2022\/08\/mole-antoneliana-torino-centro.jpg 900w\" sizes=\"(max-width: 800px) 100vw, 800px\" \/>\t\t\t\t\t\t\t\t\t\t\t\t\t<\/div>\n\t\t\t\t<\/div>\n\t\t\t\t\t<\/div>\n\t\t<\/div>\n\t\t\t\t\t<\/div>\n\t\t<\/section>\n\t\t\t\t\t<\/div>\n\t\t<\/div>\n\t\t\t\t\t<\/div>\n\t\t<\/section>\n\t\t\t\t<section class=\"elementor-section elementor-top-section elementor-element elementor-element-43a7bd3 elementor-section-boxed elementor-section-height-default elementor-section-height-default\" data-id=\"43a7bd3\" data-element_type=\"section\" data-settings=\"{&quot;background_background&quot;:&quot;classic&quot;}\">\n\t\t\t\t\t\t<div class=\"elementor-container elementor-column-gap-default\">\n\t\t\t\t\t<div class=\"elementor-column elementor-col-100 elementor-top-column elementor-element elementor-element-7ddf7505\" data-id=\"7ddf7505\" data-element_type=\"column\">\n\t\t\t<div class=\"elementor-widget-wrap elementor-element-populated\">\n\t\t\t\t\t\t<section class=\"elementor-section elementor-inner-section elementor-element elementor-element-1e807fb5 elementor-section-full_width elementor-section-height-default elementor-section-height-default\" data-id=\"1e807fb5\" data-element_type=\"section\" data-settings=\"{&quot;background_background&quot;:&quot;classic&quot;}\">\n\t\t\t\t\t\t<div class=\"elementor-container elementor-column-gap-default\">\n\t\t\t\t\t<div class=\"elementor-column elementor-col-50 elementor-inner-column elementor-element elementor-element-d65efed\" data-id=\"d65efed\" data-element_type=\"column\">\n\t\t\t<div class=\"elementor-widget-wrap elementor-element-populated\">\n\t\t\t\t\t\t<div class=\"elementor-element elementor-element-60a5ee7e dce_masking-none elementor-widget elementor-widget-image\" data-id=\"60a5ee7e\" data-element_type=\"widget\" data-widget_type=\"image.default\">\n\t\t\t\t<div class=\"elementor-widget-container\">\n\t\t\t\t\t\t\t\t\t\t\t\t\t<img decoding=\"async\" width=\"800\" height=\"804\" src=\"https:\/\/fluidofactory.com\/wp-content\/uploads\/2022\/08\/cartelloni-pubblicitari.jpg\" class=\"attachment-large size-large wp-image-4670\" alt=\"\" srcset=\"https:\/\/fluidofactory.com\/wp-content\/uploads\/2022\/08\/cartelloni-pubblicitari.jpg 900w, https:\/\/fluidofactory.com\/wp-content\/uploads\/2022\/08\/cartelloni-pubblicitari-298x300.jpg 298w, https:\/\/fluidofactory.com\/wp-content\/uploads\/2022\/08\/cartelloni-pubblicitari-150x150.jpg 150w, https:\/\/fluidofactory.com\/wp-content\/uploads\/2022\/08\/cartelloni-pubblicitari-768x772.jpg 768w\" sizes=\"(max-width: 800px) 100vw, 800px\" \/>\t\t\t\t\t\t\t\t\t\t\t\t\t<\/div>\n\t\t\t\t<\/div>\n\t\t\t\t\t<\/div>\n\t\t<\/div>\n\t\t\t\t<div class=\"elementor-column elementor-col-50 elementor-inner-column elementor-element elementor-element-46665c96\" data-id=\"46665c96\" data-element_type=\"column\">\n\t\t\t<div class=\"elementor-widget-wrap elementor-element-populated\">\n\t\t\t\t\t\t<div class=\"elementor-element elementor-element-3537a437 elementor-widget elementor-widget-heading\" data-id=\"3537a437\" data-element_type=\"widget\" data-widget_type=\"heading.default\">\n\t\t\t\t<div class=\"elementor-widget-container\">\n\t\t\t<h2 class=\"elementor-heading-title elementor-size-default\">Nuestra filosof\u00eda<\/h2>\t\t<\/div>\n\t\t\t\t<\/div>\n\t\t\t\t<div class=\"elementor-element elementor-element-79c18ba3 elementor-widget elementor-widget-text-editor\" data-id=\"79c18ba3\" data-element_type=\"widget\" data-widget_type=\"text-editor.default\">\n\t\t\t\t<div class=\"elementor-widget-container\">\n\t\t\t\t\t\t\tPensar con originalidad combinando datos y creatividad es la esencia de nuestra forma de trabajar. Muchas empresas y agencias de marketing s\u00f3lo se centran en los m\u00e9todos tradicionales y no quieren buscar soluciones alternativas.\nLa experiencia internacional de nuestro equipo nos ha ense\u00f1ado que, para encontrar la soluci\u00f3n adecuada, hay que contemplar el problema desde distintas perspectivas. \nPor eso nuestras soluciones estrat\u00e9gicas son originales, ecl\u00e9cticas y se adaptan a los distintos contextos en los que se encuentran las empresas.\n<br><br>\nOfrecemos a las empresas v\u00edas estructuradas hacia los resultados y no actividades de marketing aisladas. Ideamos de forma creativa y alternativa la mejor combinaci\u00f3n de canales para integrarlos en un plan estrat\u00e9gico.<br>\nNos centramos en la misi\u00f3n y los objetivos de nuestros clientes para formular la estrategia ganadora. \n\t\t\t\t\t\t<\/div>\n\t\t\t\t<\/div>\n\t\t\t\t\t<\/div>\n\t\t<\/div>\n\t\t\t\t\t<\/div>\n\t\t<\/section>\n\t\t\t\t\t<\/div>\n\t\t<\/div>\n\t\t\t\t\t<\/div>\n\t\t<\/section>\n\t\t\t\t<section data-dce-background-image-url=\"https:\/\/fluidofactory.com\/wp-content\/uploads\/2022\/08\/landing-inner-pages-bg-img.jpg\" class=\"elementor-section elementor-top-section elementor-element elementor-element-a0120a3 elementor-section-boxed elementor-section-height-default elementor-section-height-default\" data-id=\"a0120a3\" data-element_type=\"section\" data-settings=\"{&quot;background_background&quot;:&quot;classic&quot;}\">\n\t\t\t\t\t\t<div class=\"elementor-container elementor-column-gap-default\">\n\t\t\t\t\t<div class=\"elementor-column elementor-col-100 elementor-top-column elementor-element elementor-element-28a2c2d\" data-id=\"28a2c2d\" data-element_type=\"column\">\n\t\t\t<div class=\"elementor-widget-wrap elementor-element-populated\">\n\t\t\t\t\t\t<section class=\"elementor-section elementor-inner-section elementor-element elementor-element-a5969ce elementor-section-full_width elementor-section-content-middle elementor-section-height-default elementor-section-height-default\" data-id=\"a5969ce\" data-element_type=\"section\">\n\t\t\t\t\t\t<div class=\"elementor-container elementor-column-gap-no\">\n\t\t\t\t\t<div class=\"elementor-column elementor-col-50 elementor-inner-column elementor-element elementor-element-2924fc5\" data-id=\"2924fc5\" data-element_type=\"column\">\n\t\t\t<div class=\"elementor-widget-wrap elementor-element-populated\">\n\t\t\t\t\t\t<div class=\"elementor-element elementor-element-11a6be7 elementor-widget elementor-widget-heading\" data-id=\"11a6be7\" data-element_type=\"widget\" data-widget_type=\"heading.default\">\n\t\t\t\t<div class=\"elementor-widget-container\">\n\t\t\t<h2 class=\"elementor-heading-title elementor-size-default\">\u00bfEs usted una marca o una PYME?<\/h2>\t\t<\/div>\n\t\t\t\t<\/div>\n\t\t\t\t<div class=\"elementor-element elementor-element-1b5194a elementor-widget__width-initial elementor-widget elementor-widget-text-editor\" data-id=\"1b5194a\" data-element_type=\"widget\" data-widget_type=\"text-editor.default\">\n\t\t\t\t<div class=\"elementor-widget-container\">\n\t\t\t\t\t\t\t<p>Cu\u00e9ntenos sus objetivos de crecimiento y juntos daremos vida a su pr\u00f3ximo proyecto de comunicaci\u00f3n.<\/p>\n\t\t\t\t\t\t<\/div>\n\t\t\t\t<\/div>\n\t\t\t\t<div class=\"elementor-element elementor-element-47a98a0 elementor-widget elementor-widget-html\" data-id=\"47a98a0\" data-element_type=\"widget\" data-widget_type=\"html.default\">\n\t\t\t\t<div class=\"elementor-widget-container\">\n\t\t\t<style>.qodef-grid>.qodef-grid-inner>.qodef-grid-item {padding: 0px;}\n    \n    \n    \n    \n\n\n\n<\/style>\t\t<\/div>\n\t\t\t\t<\/div>\n\t\t\t\t\t<\/div>\n\t\t<\/div>\n\t\t\t\t<div class=\"elementor-column elementor-col-50 elementor-inner-column elementor-element elementor-element-496fbdf\" data-id=\"496fbdf\" data-element_type=\"column\">\n\t\t\t<div class=\"elementor-widget-wrap elementor-element-populated\">\n\t\t\t\t\t\t<div data-dce-background-color=\"#DD655D00\" class=\"elementor-element elementor-element-055acc5 elementor-align-center my-btn elementor-widget__width-auto elementor-widget elementor-widget-button\" data-id=\"055acc5\" data-element_type=\"widget\" data-widget_type=\"button.default\">\n\t\t\t\t<div class=\"elementor-widget-container\">\n\t\t\t\t\t<div class=\"elementor-button-wrapper\">\n\t\t\t<a class=\"elementor-button elementor-button-link elementor-size-sm\" href=\"https:\/\/calendly.com\/fluidofactory\/30min\" target=\"_blank\" rel=\"nofollow\">\n\t\t\t\t\t\t<span class=\"elementor-button-content-wrapper\">\n\t\t\t\t\t\t<span class=\"elementor-button-icon\">\n\t\t\t\t<svg xmlns=\"http:\/\/www.w3.org\/2000\/svg\" xmlns:xlink=\"http:\/\/www.w3.org\/1999\/xlink\" id=\"Livello_1\" x=\"0px\" y=\"0px\" viewBox=\"0 0 342.17 215.49\" style=\"enable-background:new 0 0 342.17 215.49;\" xml:space=\"preserve\"><path d=\"M338.37,107.59c0-2.59-1.57-6.03-3.16-7.7l-89.6-95.2c-4.18-4.32-10.96-4.82-15.84-0.44c-4.36,3.93-4.47,11.58-0.44,15.84 l71.92,76.3H13.58c-6.19,0-11.2,5.02-11.2,11.2c0,6.19,5.02,11.2,11.2,11.2h287.69l-71.92,76.3c-4.03,4.26-3.75,11.73,0.44,15.84 c4.41,4.34,11.72,3.95,15.84-0.44l89.6-95.2C337.85,112.71,338.33,110.22,338.37,107.59L338.37,107.59z\"><\/path><\/svg>\t\t\t<\/span>\n\t\t\t\t\t\t\t\t\t<span class=\"elementor-button-text\">HABLE CON UN ASESOR<\/span>\n\t\t\t\t\t<\/span>\n\t\t\t\t\t<\/a>\n\t\t<\/div>\n\t\t\t\t<\/div>\n\t\t\t\t<\/div>\n\t\t\t\t\t<\/div>\n\t\t<\/div>\n\t\t\t\t\t<\/div>\n\t\t<\/section>\n\t\t\t\t\t<\/div>\n\t\t<\/div>\n\t\t\t\t\t<\/div>\n\t\t<\/section>\n\t\t\t\t<\/div>\n\t\t","protected":false},"excerpt":{"rendered":"<p>Qui\u00e9nes somos Fluido Factory es un equipo de profesionales de la comunicaci\u00f3n y expertos en marketing con una ambici\u00f3n com\u00fan: ayudar a las marcas a desarrollar su potencial ofreci\u00e9ndoles soluciones estrat\u00e9gicas eficaces y formas creativas de comunicaci\u00f3n. Nuestra historia Fluido Factory naci\u00f3 del encuentro entre Antonio Martino y Edoardo Raviol en las aulas del Instituto [&hellip;]<\/p>\n","protected":false},"author":1,"featured_media":0,"parent":0,"menu_order":4,"comment_status":"closed","ping_status":"closed","template":"","meta":{"footnotes":""},"class_list":["post-5399","page","type-page","status-publish","hentry"],"yoast_head":"<!-- This site is optimized with the Yoast SEO plugin v27.4 - https:\/\/yoast.com\/product\/yoast-seo-wordpress\/ -->\n<title>Qui\u00e9nes somos - Fluido Factory<\/title>\n<meta name=\"description\" content=\"Fluido Factory ayuda a las marcas a desarrollar su potencial ofreci\u00e9ndoles soluciones estrat\u00e9gicas eficaces y formas creativas de comunicaci\u00f3n.\" \/>\n<meta name=\"robots\" content=\"index, follow, max-snippet:-1, max-image-preview:large, max-video-preview:-1\" \/>\n<link rel=\"canonical\" href=\"https:\/\/fluidofactory.com\/es\/quienes-somos\/\" \/>\n<meta property=\"og:locale\" content=\"es_ES\" \/>\n<meta property=\"og:type\" content=\"article\" \/>\n<meta property=\"og:title\" content=\"Qui\u00e9nes somos - Fluido Factory\" \/>\n<meta property=\"og:description\" content=\"Fluido Factory ayuda a las marcas a desarrollar su potencial ofreci\u00e9ndoles soluciones estrat\u00e9gicas eficaces y formas creativas de comunicaci\u00f3n.\" \/>\n<meta property=\"og:url\" content=\"https:\/\/fluidofactory.com\/es\/quienes-somos\/\" \/>\n<meta property=\"og:site_name\" content=\"Fluido Factory\" \/>\n<meta property=\"article:publisher\" content=\"https:\/\/www.facebook.com\/FluidoFactory\" \/>\n<meta property=\"article:modified_time\" content=\"2023-05-26T13:13:43+00:00\" \/>\n<meta property=\"og:image\" content=\"https:\/\/fluidofactory.com\/wp-content\/uploads\/2022\/08\/mole-antoneliana-torino-centro-875x1024.jpg\" \/>\n<meta name=\"twitter:card\" content=\"summary_large_image\" \/>\n<meta name=\"twitter:label1\" content=\"Tiempo de lectura\" \/>\n\t<meta name=\"twitter:data1\" content=\"2 minutos\" \/>\n<script type=\"application\/ld+json\" class=\"yoast-schema-graph\">{\"@context\":\"https:\\\/\\\/schema.org\",\"@graph\":[{\"@type\":\"WebPage\",\"@id\":\"https:\\\/\\\/fluidofactory.com\\\/es\\\/quienes-somos\\\/\",\"url\":\"https:\\\/\\\/fluidofactory.com\\\/es\\\/quienes-somos\\\/\",\"name\":\"Qui\u00e9nes somos - Fluido Factory\",\"isPartOf\":{\"@id\":\"https:\\\/\\\/fluidofactory.com\\\/es\\\/#website\"},\"primaryImageOfPage\":{\"@id\":\"https:\\\/\\\/fluidofactory.com\\\/es\\\/quienes-somos\\\/#primaryimage\"},\"image\":{\"@id\":\"https:\\\/\\\/fluidofactory.com\\\/es\\\/quienes-somos\\\/#primaryimage\"},\"thumbnailUrl\":\"https:\\\/\\\/fluidofactory.com\\\/wp-content\\\/uploads\\\/2022\\\/08\\\/mole-antoneliana-torino-centro-875x1024.jpg\",\"datePublished\":\"2022-08-27T09:57:35+00:00\",\"dateModified\":\"2023-05-26T13:13:43+00:00\",\"description\":\"Fluido Factory ayuda a las marcas a desarrollar su potencial ofreci\u00e9ndoles soluciones estrat\u00e9gicas eficaces y formas creativas de comunicaci\u00f3n.\",\"breadcrumb\":{\"@id\":\"https:\\\/\\\/fluidofactory.com\\\/es\\\/quienes-somos\\\/#breadcrumb\"},\"inLanguage\":\"es\",\"potentialAction\":[{\"@type\":\"ReadAction\",\"target\":[\"https:\\\/\\\/fluidofactory.com\\\/es\\\/quienes-somos\\\/\"]}]},{\"@type\":\"ImageObject\",\"inLanguage\":\"es\",\"@id\":\"https:\\\/\\\/fluidofactory.com\\\/es\\\/quienes-somos\\\/#primaryimage\",\"url\":\"https:\\\/\\\/fluidofactory.com\\\/wp-content\\\/uploads\\\/2022\\\/08\\\/mole-antoneliana-torino-centro-875x1024.jpg\",\"contentUrl\":\"https:\\\/\\\/fluidofactory.com\\\/wp-content\\\/uploads\\\/2022\\\/08\\\/mole-antoneliana-torino-centro-875x1024.jpg\"},{\"@type\":\"BreadcrumbList\",\"@id\":\"https:\\\/\\\/fluidofactory.com\\\/es\\\/quienes-somos\\\/#breadcrumb\",\"itemListElement\":[{\"@type\":\"ListItem\",\"position\":1,\"name\":\"Home\",\"item\":\"https:\\\/\\\/fluidofactory.com\\\/es\\\/home\\\/\"},{\"@type\":\"ListItem\",\"position\":2,\"name\":\"Qui\u00e9nes somos\"}]},{\"@type\":\"WebSite\",\"@id\":\"https:\\\/\\\/fluidofactory.com\\\/es\\\/#website\",\"url\":\"https:\\\/\\\/fluidofactory.com\\\/es\\\/\",\"name\":\"Fluido Factory\",\"description\":\"Agenzia di Comunicazione\",\"publisher\":{\"@id\":\"https:\\\/\\\/fluidofactory.com\\\/es\\\/#organization\"},\"potentialAction\":[{\"@type\":\"SearchAction\",\"target\":{\"@type\":\"EntryPoint\",\"urlTemplate\":\"https:\\\/\\\/fluidofactory.com\\\/es\\\/?s={search_term_string}\"},\"query-input\":{\"@type\":\"PropertyValueSpecification\",\"valueRequired\":true,\"valueName\":\"search_term_string\"}}],\"inLanguage\":\"es\"},{\"@type\":\"Organization\",\"@id\":\"https:\\\/\\\/fluidofactory.com\\\/es\\\/#organization\",\"name\":\"Fluido Factory\",\"url\":\"https:\\\/\\\/fluidofactory.com\\\/es\\\/\",\"logo\":{\"@type\":\"ImageObject\",\"inLanguage\":\"es\",\"@id\":\"https:\\\/\\\/fluidofactory.com\\\/es\\\/#\\\/schema\\\/logo\\\/image\\\/\",\"url\":\"https:\\\/\\\/fluidofactory.com\\\/wp-content\\\/uploads\\\/2022\\\/08\\\/Logo-Fluido-Factory-nero.png\",\"contentUrl\":\"https:\\\/\\\/fluidofactory.com\\\/wp-content\\\/uploads\\\/2022\\\/08\\\/Logo-Fluido-Factory-nero.png\",\"width\":3728,\"height\":1172,\"caption\":\"Fluido Factory\"},\"image\":{\"@id\":\"https:\\\/\\\/fluidofactory.com\\\/es\\\/#\\\/schema\\\/logo\\\/image\\\/\"},\"sameAs\":[\"https:\\\/\\\/www.facebook.com\\\/FluidoFactory\",\"https:\\\/\\\/www.instagram.com\\\/fluidofactory\\\/\"]}]}<\/script>\n<!-- \/ Yoast SEO plugin. -->","yoast_head_json":{"title":"Qui\u00e9nes somos - Fluido Factory","description":"Fluido Factory ayuda a las marcas a desarrollar su potencial ofreci\u00e9ndoles soluciones estrat\u00e9gicas eficaces y formas creativas de comunicaci\u00f3n.","robots":{"index":"index","follow":"follow","max-snippet":"max-snippet:-1","max-image-preview":"max-image-preview:large","max-video-preview":"max-video-preview:-1"},"canonical":"https:\/\/fluidofactory.com\/es\/quienes-somos\/","og_locale":"es_ES","og_type":"article","og_title":"Qui\u00e9nes somos - Fluido Factory","og_description":"Fluido Factory ayuda a las marcas a desarrollar su potencial ofreci\u00e9ndoles soluciones estrat\u00e9gicas eficaces y formas creativas de comunicaci\u00f3n.","og_url":"https:\/\/fluidofactory.com\/es\/quienes-somos\/","og_site_name":"Fluido Factory","article_publisher":"https:\/\/www.facebook.com\/FluidoFactory","article_modified_time":"2023-05-26T13:13:43+00:00","og_image":[{"url":"https:\/\/fluidofactory.com\/wp-content\/uploads\/2022\/08\/mole-antoneliana-torino-centro-875x1024.jpg","type":"","width":"","height":""}],"twitter_card":"summary_large_image","twitter_misc":{"Tiempo de lectura":"2 minutos"},"schema":{"@context":"https:\/\/schema.org","@graph":[{"@type":"WebPage","@id":"https:\/\/fluidofactory.com\/es\/quienes-somos\/","url":"https:\/\/fluidofactory.com\/es\/quienes-somos\/","name":"Qui\u00e9nes somos - Fluido Factory","isPartOf":{"@id":"https:\/\/fluidofactory.com\/es\/#website"},"primaryImageOfPage":{"@id":"https:\/\/fluidofactory.com\/es\/quienes-somos\/#primaryimage"},"image":{"@id":"https:\/\/fluidofactory.com\/es\/quienes-somos\/#primaryimage"},"thumbnailUrl":"https:\/\/fluidofactory.com\/wp-content\/uploads\/2022\/08\/mole-antoneliana-torino-centro-875x1024.jpg","datePublished":"2022-08-27T09:57:35+00:00","dateModified":"2023-05-26T13:13:43+00:00","description":"Fluido Factory ayuda a las marcas a desarrollar su potencial ofreci\u00e9ndoles soluciones estrat\u00e9gicas eficaces y formas creativas de comunicaci\u00f3n.","breadcrumb":{"@id":"https:\/\/fluidofactory.com\/es\/quienes-somos\/#breadcrumb"},"inLanguage":"es","potentialAction":[{"@type":"ReadAction","target":["https:\/\/fluidofactory.com\/es\/quienes-somos\/"]}]},{"@type":"ImageObject","inLanguage":"es","@id":"https:\/\/fluidofactory.com\/es\/quienes-somos\/#primaryimage","url":"https:\/\/fluidofactory.com\/wp-content\/uploads\/2022\/08\/mole-antoneliana-torino-centro-875x1024.jpg","contentUrl":"https:\/\/fluidofactory.com\/wp-content\/uploads\/2022\/08\/mole-antoneliana-torino-centro-875x1024.jpg"},{"@type":"BreadcrumbList","@id":"https:\/\/fluidofactory.com\/es\/quienes-somos\/#breadcrumb","itemListElement":[{"@type":"ListItem","position":1,"name":"Home","item":"https:\/\/fluidofactory.com\/es\/home\/"},{"@type":"ListItem","position":2,"name":"Qui\u00e9nes somos"}]},{"@type":"WebSite","@id":"https:\/\/fluidofactory.com\/es\/#website","url":"https:\/\/fluidofactory.com\/es\/","name":"Fluido Factory","description":"Agenzia di Comunicazione","publisher":{"@id":"https:\/\/fluidofactory.com\/es\/#organization"},"potentialAction":[{"@type":"SearchAction","target":{"@type":"EntryPoint","urlTemplate":"https:\/\/fluidofactory.com\/es\/?s={search_term_string}"},"query-input":{"@type":"PropertyValueSpecification","valueRequired":true,"valueName":"search_term_string"}}],"inLanguage":"es"},{"@type":"Organization","@id":"https:\/\/fluidofactory.com\/es\/#organization","name":"Fluido Factory","url":"https:\/\/fluidofactory.com\/es\/","logo":{"@type":"ImageObject","inLanguage":"es","@id":"https:\/\/fluidofactory.com\/es\/#\/schema\/logo\/image\/","url":"https:\/\/fluidofactory.com\/wp-content\/uploads\/2022\/08\/Logo-Fluido-Factory-nero.png","contentUrl":"https:\/\/fluidofactory.com\/wp-content\/uploads\/2022\/08\/Logo-Fluido-Factory-nero.png","width":3728,"height":1172,"caption":"Fluido Factory"},"image":{"@id":"https:\/\/fluidofactory.com\/es\/#\/schema\/logo\/image\/"},"sameAs":["https:\/\/www.facebook.com\/FluidoFactory","https:\/\/www.instagram.com\/fluidofactory\/"]}]}},"_links":{"self":[{"href":"https:\/\/fluidofactory.com\/es\/wp-json\/wp\/v2\/pages\/5399","targetHints":{"allow":["GET"]}}],"collection":[{"href":"https:\/\/fluidofactory.com\/es\/wp-json\/wp\/v2\/pages"}],"about":[{"href":"https:\/\/fluidofactory.com\/es\/wp-json\/wp\/v2\/types\/page"}],"author":[{"embeddable":true,"href":"https:\/\/fluidofactory.com\/es\/wp-json\/wp\/v2\/users\/1"}],"replies":[{"embeddable":true,"href":"https:\/\/fluidofactory.com\/es\/wp-json\/wp\/v2\/comments?post=5399"}],"version-history":[{"count":6,"href":"https:\/\/fluidofactory.com\/es\/wp-json\/wp\/v2\/pages\/5399\/revisions"}],"predecessor-version":[{"id":8657,"href":"https:\/\/fluidofactory.com\/es\/wp-json\/wp\/v2\/pages\/5399\/revisions\/8657"}],"wp:attachment":[{"href":"https:\/\/fluidofactory.com\/es\/wp-json\/wp\/v2\/media?parent=5399"}],"curies":[{"name":"wp","href":"https:\/\/api.w.org\/{rel}","templated":true}]}}